{"id":6792,"date":"2025-03-03T10:08:11","date_gmt":"2025-03-03T10:08:11","guid":{"rendered":"https:\/\/wegamble.org\/?page_id=6792"},"modified":"2025-03-18T15:04:44","modified_gmt":"2025-03-18T15:04:44","slug":"politique-de-confidentialite","status":"publish","type":"page","link":"https:\/\/wegamble.org\/fr\/politique-de-confidentialite\/","title":{"rendered":"Politique de confidentialit\u00e9"},"content":{"rendered":"<p><main id=\"primary\" class=\"site-main wg_casino_archive\"><\/p>\n<div class=\"container\">\n<article id=\"post-116577\" class=\"post-116577 page type-page status-publish hentry\">\n<section class=\"section\">\n<div class=\"rich-text\">\n<h2 class=\"wp-block-heading\">Qui sommes-nous ?<\/h2>\n<p>L\u2019adresse de notre site est : https:\/\/wegamble.org\/fr.<\/p>\n<h2 class=\"wp-block-heading\">Quelles donn\u00e9es personnelles nous collectons et pourquoi<\/h2>\n<h3 class=\"wp-block-heading\">Commentaires<\/h3>\n<p>Lorsque les visiteurs laissent des commentaires sur le site, nous recueillons les donn\u00e9es indiqu\u00e9es dans le formulaire de commentaires, ainsi que l\u2019adresse IP du visiteur et la cha\u00eene d\u2019user agent du navigateur pour faciliter la d\u00e9tection des spams.<\/p>\n<p>Une cha\u00eene de caract\u00e8res anonymis\u00e9e cr\u00e9\u00e9e \u00e0 partir de ton adresse \u00e9lectronique (\u00e9galement appel\u00e9e hash) peut \u00eatre fournie au service Gravatar pour v\u00e9rifier si tu l\u2019utilises. La politique de confidentialit\u00e9 du service Gravatar est disponible ici : https:\/\/automattic.com\/privacy\/. Apr\u00e8s approbation de ton commentaire, ta photo de profil est visible par le public dans le contexte de ton commentaire.<\/p>\n<h3 class=\"wp-block-heading\">M\u00e9dias<\/h3>\n<p>Si tu publies des images sur le site, \u00e9vite celles qui incluent des donn\u00e9es de localisation int\u00e9gr\u00e9es (EXIF GPS). Les visiteurs du site peuvent t\u00e9l\u00e9charger et extraire toutes les donn\u00e9es de localisation des images pr\u00e9sentes sur le site.<\/p>\n<h3 class=\"wp-block-heading\">Formulaires de contact<\/h3>\n<h3 class=\"wp-block-heading\">Cookies<\/h3>\n<p>Si tu laisses un commentaire sur notre site, tu peux choisir d\u2019enregistrer ton nom, ton adresse \u00e9lectronique et ton site Web dans des cookies. Ces cookies te permettent de ne pas avoir \u00e0 remplir \u00e0 nouveau tes coordonn\u00e9es lorsque tu laisses un autre commentaire. Ces cookies ont une dur\u00e9e de vie d\u2019un an.<\/p>\n<p>Si tu visites notre page de connexion, nous installerons un cookie temporaire pour d\u00e9terminer si ton navigateur accepte les cookies. Ce cookie ne contient aucune donn\u00e9e personnelle et est supprim\u00e9 lorsque tu fermes ton navigateur.<\/p>\n<p>Lorsque tu te connectes, nous cr\u00e9ons \u00e9galement plusieurs cookies pour enregistrer tes informations de connexion et tes choix d\u2019affichage d\u2019\u00e9cran. Les cookies de connexion durent deux jours, et les cookies d\u2019options d\u2019\u00e9cran durent un an. Si tu s\u00e9lectionnes l\u2019option \u00ab\u00a0Se souvenir de moi\u00a0\u00bb, ta connexion sera conserv\u00e9e pendant deux semaines. Si tu te d\u00e9connectes de ton compte, les cookies de connexion seront supprim\u00e9s.<\/p>\n<p>Si tu modifies ou publies un article, un cookie suppl\u00e9mentaire sera enregistr\u00e9 dans ton navigateur. Ce cookie ne comprend aucune donn\u00e9e personnelle et indique simplement l\u2019ID de publication de l\u2019article que tu viens de modifier. Il expire apr\u00e8s 1 jour.<\/p>\n<h3 class=\"wp-block-heading\">Contenu int\u00e9gr\u00e9 depuis d\u2019autres sites<\/h3>\n<p>Les articles de ce site peuvent contenir du contenu int\u00e9gr\u00e9 (par exemple des vid\u00e9os, des images, des articles, etc.). Le contenu int\u00e9gr\u00e9 provenant d\u2019autres sites se comporte exactement de la m\u00eame mani\u00e8re que si le visiteur avait visit\u00e9 ces autres site.<\/p>\n<p>Ces sites peuvent recueillir des donn\u00e9es te concernant, utiliser des cookies, int\u00e9grer un suivi suppl\u00e9mentaire par des tiers et surveiller ton interaction avec ce contenu int\u00e9gr\u00e9, y compris le suivi de ton interaction avec le contenu int\u00e9gr\u00e9 si tu as un compte et es connect\u00e9 \u00e0 ce site web.<\/p>\n<h3 class=\"wp-block-heading\">Analyse des donn\u00e9es<\/h3>\n<h2 class=\"wp-block-heading\">Avec qui nous partageons tes donn\u00e9es<\/h2>\n<h2 class=\"wp-block-heading\">Combien de temps nous conservons tes donn\u00e9es<\/h2>\n<p>Si tu laisses un commentaire, celui-ci et ses m\u00e9tadonn\u00e9es sont conserv\u00e9s ind\u00e9finiment. Cela nous permet de reconna\u00eetre et d\u2019approuver automatiquement tout commentaire ult\u00e9rieur au lieu de le conserver dans une file d\u2019attente de mod\u00e9ration.<\/p>\n<p>Pour les utilisateurs qui s\u2019inscrivent sur notre site web (le cas \u00e9ch\u00e9ant), nous stockons \u00e9galement les informations personnelles qu\u2019ils fournissent dans leur profil d\u2019utilisateur. Tous les utilisateurs peuvent consulter, modifier ou supprimer leurs informations personnelles \u00e0 tout moment (sauf qu\u2019ils ne peuvent pas modifier leur nom d\u2019utilisateur). Les administrateurs du site web peuvent \u00e9galement voir et modifier ces informations.<\/p>\n<h2 class=\"wp-block-heading\">Quels droits as-tu sur tes donn\u00e9es<\/h2>\n<p>Si tu as un compte sur ce site, ou si tu as laiss\u00e9 des commentaires, tu peux demander \u00e0 recevoir un fichier export\u00e9 des donn\u00e9es personnelles que nous d\u00e9tenons \u00e0 ton sujet, y compris les donn\u00e9es que tu nous as fournies. Tu peux \u00e9galement nous demander d\u2019effacer toutes les donn\u00e9es personnelles que nous d\u00e9tenons \u00e0 ton sujet. Ceci n\u2019inclut pas les donn\u00e9es que nous sommes oblig\u00e9s de conserver \u00e0 des fins administratives, l\u00e9gales ou de s\u00e9curit\u00e9.<\/p>\n<h2 class=\"wp-block-heading\">O\u00f9 nous envoyons tes donn\u00e9es<\/h2>\n<p>Les commentaires des visiteurs peuvent \u00eatre v\u00e9rifi\u00e9s par un service automatis\u00e9 de d\u00e9tection des spams..<\/p>\n<h2 class=\"wp-block-heading\">Tes informations de contact<\/h2>\n<h2 class=\"wp-block-heading\">Informations suppl\u00e9mentaires<\/h2>\n<h3 class=\"wp-block-heading\">Comment nous prot\u00e9geons tes donn\u00e9es<\/h3>\n<h3 class=\"wp-block-heading\">Les proc\u00e9dures de violation des donn\u00e9es que nous avons mises en place<\/h3>\n<h3 class=\"wp-block-heading\">Les tiers dont nous recevons des donn\u00e9es<\/h3>\n<h3 class=\"wp-block-heading\">La prise de d\u00e9cision et\/ou le profilage automatis\u00e9s que nous faisons avec les donn\u00e9es des utilisateurs.<\/h3>\n<h3 class=\"wp-block-heading\">Exigences r\u00e9glementaires de l\u2019industrie en mati\u00e8re de divulgation<\/h3>\n<\/div>\n<\/section>\n<\/article>\n<\/div>\n<p><\/main><\/p>\n<footer id=\"footer\">\n<div class=\"container\">\n<div class=\"row\">\n<div class=\"col-full\">\n<div class=\"footer-top\">\n<div class=\"footer-top__line\"><\/div>\n<\/div>\n<\/div>\n<\/div>\n<\/div>\n<\/footer>\n","protected":false},"excerpt":{"rendered":"<p>Qui sommes-nous ? L\u2019adresse de notre site est : https:\/\/wegamble.org\/fr. Quelles donn\u00e9es personnelles nous collectons et pourquoi Commentaires Lorsque les visiteurs laissent des commentaires sur le site, nous recueillons les donn\u00e9es indiqu\u00e9es dans le formulaire&#8230;<\/p>\n","protected":false},"author":9,"featured_media":0,"parent":0,"menu_order":0,"comment_status":"closed","ping_status":"closed","template":"","meta":{"_acf_changed":false,"footnotes":""},"class_list":["post-6792","page","type-page","status-publish","hentry"],"acf":[],"yoast_head":"<!-- This site is optimized with the Yoast SEO Premium plugin v24.7 (Yoast SEO v24.7) - https:\/\/yoast.com\/wordpress\/plugins\/seo\/ -->\n<title>Politique de confidentialit\u00e9 - wegamble<\/title>\n<meta name=\"description\" content=\"Page politique de confidentialit\u00e9 de wegamble.\" \/>\n<meta name=\"robots\" content=\"index, follow, max-snippet:-1, max-image-preview:large, max-video-preview:-1\" \/>\n<link rel=\"canonical\" href=\"https:\/\/wegamble.org\/fr\/politique-de-confidentialite\/\" \/>\n<meta property=\"og:locale\" content=\"fr_FR\" \/>\n<meta property=\"og:type\" content=\"article\" \/>\n<meta property=\"og:title\" content=\"Politique de confidentialit\u00e9\" \/>\n<meta property=\"og:description\" content=\"Page politique de confidentialit\u00e9 de wegamble.\" \/>\n<meta property=\"og:url\" content=\"https:\/\/wegamble.org\/fr\/politique-de-confidentialite\/\" \/>\n<meta property=\"og:site_name\" content=\"wegamble\" \/>\n<meta property=\"article:modified_time\" content=\"2025-03-18T15:04:44+00:00\" \/>\n<meta name=\"twitter:card\" content=\"summary_large_image\" \/>\n<meta name=\"twitter:label1\" content=\"Est. reading time\" \/>\n\t<meta name=\"twitter:data1\" content=\"4 minutes\" \/>\n<script type=\"application\/ld+json\" class=\"yoast-schema-graph\">{\"@context\":\"https:\/\/schema.org\",\"@graph\":[{\"@type\":\"WebPage\",\"@id\":\"https:\/\/wegamble.org\/fr\/politique-de-confidentialite\/\",\"url\":\"https:\/\/wegamble.org\/fr\/politique-de-confidentialite\/\",\"name\":\"Politique de confidentialit\u00e9 - wegamble\",\"isPartOf\":{\"@id\":\"https:\/\/wegamble.org\/fr\/#website\"},\"datePublished\":\"2025-03-03T10:08:11+00:00\",\"dateModified\":\"2025-03-18T15:04:44+00:00\",\"description\":\"Page politique de confidentialit\u00e9 de wegamble.\",\"breadcrumb\":{\"@id\":\"https:\/\/wegamble.org\/fr\/politique-de-confidentialite\/#breadcrumb\"},\"inLanguage\":\"fr-FR\",\"potentialAction\":[{\"@type\":\"ReadAction\",\"target\":[\"https:\/\/wegamble.org\/fr\/politique-de-confidentialite\/\"]}]},{\"@type\":\"BreadcrumbList\",\"@id\":\"https:\/\/wegamble.org\/fr\/politique-de-confidentialite\/#breadcrumb\",\"itemListElement\":[{\"@type\":\"ListItem\",\"position\":1,\"name\":\"Home\",\"item\":\"https:\/\/wegamble.org\/fr\/\"},{\"@type\":\"ListItem\",\"position\":2,\"name\":\"Politique de confidentialit\u00e9\"}]},{\"@type\":\"WebSite\",\"@id\":\"https:\/\/wegamble.org\/fr\/#website\",\"url\":\"https:\/\/wegamble.org\/fr\/\",\"name\":\"wegamble\",\"description\":\"\",\"potentialAction\":[{\"@type\":\"SearchAction\",\"target\":{\"@type\":\"EntryPoint\",\"urlTemplate\":\"https:\/\/wegamble.org\/fr\/?s={search_term_string}\"},\"query-input\":{\"@type\":\"PropertyValueSpecification\",\"valueRequired\":true,\"valueName\":\"search_term_string\"}}],\"inLanguage\":\"fr-FR\"}]}<\/script>\n<!-- \/ Yoast SEO Premium plugin. -->","yoast_head_json":{"title":"Politique de confidentialit\u00e9 - wegamble","description":"Page politique de confidentialit\u00e9 de wegamble.","robots":{"index":"index","follow":"follow","max-snippet":"max-snippet:-1","max-image-preview":"max-image-preview:large","max-video-preview":"max-video-preview:-1"},"canonical":"https:\/\/wegamble.org\/fr\/politique-de-confidentialite\/","og_locale":"fr_FR","og_type":"article","og_title":"Politique de confidentialit\u00e9","og_description":"Page politique de confidentialit\u00e9 de wegamble.","og_url":"https:\/\/wegamble.org\/fr\/politique-de-confidentialite\/","og_site_name":"wegamble","article_modified_time":"2025-03-18T15:04:44+00:00","twitter_card":"summary_large_image","twitter_misc":{"Est. reading time":"4 minutes"},"schema":{"@context":"https:\/\/schema.org","@graph":[{"@type":"WebPage","@id":"https:\/\/wegamble.org\/fr\/politique-de-confidentialite\/","url":"https:\/\/wegamble.org\/fr\/politique-de-confidentialite\/","name":"Politique de confidentialit\u00e9 - wegamble","isPartOf":{"@id":"https:\/\/wegamble.org\/fr\/#website"},"datePublished":"2025-03-03T10:08:11+00:00","dateModified":"2025-03-18T15:04:44+00:00","description":"Page politique de confidentialit\u00e9 de wegamble.","breadcrumb":{"@id":"https:\/\/wegamble.org\/fr\/politique-de-confidentialite\/#breadcrumb"},"inLanguage":"fr-FR","potentialAction":[{"@type":"ReadAction","target":["https:\/\/wegamble.org\/fr\/politique-de-confidentialite\/"]}]},{"@type":"BreadcrumbList","@id":"https:\/\/wegamble.org\/fr\/politique-de-confidentialite\/#breadcrumb","itemListElement":[{"@type":"ListItem","position":1,"name":"Home","item":"https:\/\/wegamble.org\/fr\/"},{"@type":"ListItem","position":2,"name":"Politique de confidentialit\u00e9"}]},{"@type":"WebSite","@id":"https:\/\/wegamble.org\/fr\/#website","url":"https:\/\/wegamble.org\/fr\/","name":"wegamble","description":"","potentialAction":[{"@type":"SearchAction","target":{"@type":"EntryPoint","urlTemplate":"https:\/\/wegamble.org\/fr\/?s={search_term_string}"},"query-input":{"@type":"PropertyValueSpecification","valueRequired":true,"valueName":"search_term_string"}}],"inLanguage":"fr-FR"}]}},"_links":{"self":[{"href":"https:\/\/wegamble.org\/fr\/wp-json\/wp\/v2\/pages\/6792","targetHints":{"allow":["GET"]}}],"collection":[{"href":"https:\/\/wegamble.org\/fr\/wp-json\/wp\/v2\/pages"}],"about":[{"href":"https:\/\/wegamble.org\/fr\/wp-json\/wp\/v2\/types\/page"}],"author":[{"embeddable":true,"href":"https:\/\/wegamble.org\/fr\/wp-json\/wp\/v2\/users\/9"}],"replies":[{"embeddable":true,"href":"https:\/\/wegamble.org\/fr\/wp-json\/wp\/v2\/comments?post=6792"}],"version-history":[{"count":1,"href":"https:\/\/wegamble.org\/fr\/wp-json\/wp\/v2\/pages\/6792\/revisions"}],"predecessor-version":[{"id":6793,"href":"https:\/\/wegamble.org\/fr\/wp-json\/wp\/v2\/pages\/6792\/revisions\/6793"}],"wp:attachment":[{"href":"https:\/\/wegamble.org\/fr\/wp-json\/wp\/v2\/media?parent=6792"}],"curies":[{"name":"wp","href":"https:\/\/api.w.org\/{rel}","templated":true}]}}