{"id":6801,"date":"2024-11-28T14:29:45","date_gmt":"2024-11-28T14:29:45","guid":{"rendered":"https:\/\/wegamble.org\/?page_id=6801"},"modified":"2025-03-18T15:04:43","modified_gmt":"2025-03-18T15:04:43","slug":"contact","status":"publish","type":"page","link":"https:\/\/wegamble.org\/fr\/contact\/","title":{"rendered":"Contact"},"content":{"rendered":"\n<div class=\"wp-block-columns is-layout-flex wp-container-core-columns-is-layout-9d6595d7 wp-block-columns-is-layout-flex\">\n<div class=\"wp-block-column is-layout-flow wp-block-column-is-layout-flow\" style=\"flex-basis:66.66%\">\n<h2 class=\"wp-block-heading\" id=\"h-contacte-nous\">Contacte-nous<\/h2>\n\n\n            <form id=\"custom-contact-form\" class=\"wegamble wcf-custom-form\" method=\"post\">\n                <div class=\"row\">\n                    <div class=\"col-6 col-xs-12 field\">\n                        <label for=\"first-name\">First name<sup class=\"required\">*<\/sup><\/label>\n                        <input type=\"text\" name=\"first-name\" id=\"first-name\" placeholder=\"Enter yout first name\">\n                        <span class=\"error\" id=\"first-name-error\">First name is required.<\/span>\n                    <\/div>\n\n                    <div class=\"col-6 col-xs-12 field\">\n                        <label for=\"last-name\">Last name<sup class=\"required\">*<\/sup><\/label>\n                        <input type=\"text\" name=\"last-name\" id=\"last-name\" placeholder=\"Enter your last name\">\n                        <span class=\"error\" id=\"last-name-error\">Last name is required.<\/span>\n                    <\/div>\n                <\/div>\n\n                <div class=\"row\">\n                    <div class=\"col-6 col-xs-12 field\">\n                        <label for=\"email\">Email address<sup class=\"required\">*<\/sup><\/label>\n                        <input type=\"email\" name=\"email\" id=\"email\" placeholder=\"e.g. john.doe@email.com\">\n                        <span class=\"error\" id=\"email-error\">Please enter a valid email address.<\/span>\n                    <\/div>\n\n                    <div class=\"col-6 col-xs-12 field\">\n                        <label for=\"company\">Company<sup class=\"required\">*<\/sup><\/label>\n                        <input type=\"text\" name=\"company\" id=\"company\" placeholder=\"Name of your company\">\n                        <span class=\"error\"  id=\"company-error\">Company is required.<\/span>\n                    <\/div>\n                <\/div>\n\n                <div class=\"row\">\n                    <div class=\"col-6 col-xs-12 field\">\n                        <label for=\"phone\">Phone Number<sup class=\"required\">*<\/sup><\/label>\n                        <input type=\"tel\" name=\"phone\" id=\"phone\" placeholder=\"e.g. +1 234 567 890\">\n                        <span class=\"error\" id=\"phone-error\">Please enter a valid phone number.<\/span>\n                    <\/div>\n                <\/div>\n\n                <div class=\"row\" id=\"verticals\">\n                    <div class=\"col-12 field\">\n                    <div id=\"vertical\">\n                        <label class=\"radio-options-label\">Select a Vertical<sup class=\"required\">*<\/sup><\/label>\n                        <div class=\"radio-collection\">\n                            <div class=\"option\">\n                                <input type=\"radio\" id=\"vertical-crypto-igaming\" name=\"vertical\">\n                                <label for=\"vertical-crypto-igaming\">Crypto iGaming<\/label>\n                            <\/div>\n\n                            <div class=\"option\">\n                                <input type=\"radio\" id=\"vertical-crypto\" name=\"vertical\">\n                                <label for=\"vertical-crypto\">Crypto<\/label>\n                            <\/div>\n\n                            <div class=\"option\">\n                                <input type=\"radio\" id=\"vertical-other\" name=\"vertical\">\n                                <label for=\"vertical-other\">Other<\/label>\n                            <\/div>\n                        <\/div>\n                    <\/div>\n                    <span class=\"error\" id=\"vertical-error\">Please select a vertical before submitting the form.<\/span>\n                    <\/div>\n                <\/div>\n\n                <!-- new field How did you find about us? -->\n                <div class=\"row\">\n                    <div id=\"knowledge-stream\" class=\"col-12 field\">\n                        <label class=\"radio-options-label\">How did you find about us?<sup class=\"required\">*<\/sup><\/label>\n                        <div class=\"radio-collection\">\n                            <div class=\"option\">\n                                <input type=\"radio\" id=\"sub-search-engine\" name=\"knowledge-stream\">\n                                <label for=\"sub-search-engine\">Search Engine<\/label>\n                            <\/div>\n\n                            <div class=\"option\">\n                                <input type=\"radio\" id=\"sub-social\" name=\"knowledge-stream\">\n                                <label for=\"sub-social\">Social<\/label>\n                            <\/div>\n\n                            <div class=\"option\">\n                                <input type=\"radio\" id=\"sub-other\" name=\"knowledge-stream\">\n                                <label for=\"sub-other\">Other<\/label>\n                            <\/div>\n                        <\/div>\n                        <span class=\"error\" id=\"knowledge-stream-error\">Please select an option before submitting the form.<\/span>\n                        <!-- Options for How did you find about us? -->\n                        <div id=\"knowledge-stream-options\" class=\"knowledge-stream-sub-options field\" style=\"display: none;\">\n                            <label class=\"radio-options-label\">Select a social platform<sup class=\"required\">*<\/sup><\/label>\n\n\n                        \t                        <\/div>\n\n                    <\/div>\n\n                <\/div>\n                <!-- \/new-field -->\n\n                <div class=\"row\" >\n                    <div class=\"col-12 field\">\n                        <div class=\"message-field\">\n                            <label for=\"message\">\n                                Briefly, tell us the reason for contacting us                                                            <\/label>\n                            <textarea name=\"message\" id=\"message\" rows=\"6\" placeholder=\"I'd like to know more about...\" maxlenght=\"1500\"><\/textarea>\n                            <span id=\"counter\">\n                                <span id=\"counter-num\"><\/span>\n                                <img decoding=\"async\" id=\"message-icon-error\" src=\"https:\/\/wegamble.org\/wp-content\/plugins\/wegamble-contact-form\/assets\/images\/error-icon.svg\" alt=\"empty field\">\n                            <\/span>\n                        <\/div>\n                        <span class=\"error\" id=\"message-error\">Please fill out the message field before submitting the form.<\/span>\n                    <\/div>\n                <\/div>\n\n                <div class=\"g-recaptcha field\" data-sitekey=\"6LeKcqooAAAAAGR-E_BjpFGvWcdOPR6Mk2zAN7NU\"><\/div>\n\n                <div class=\"row cta-collection\">\n                    <button class=\"field\" type=\"submit\" id=\"contact-button-submit\">Submit<\/button>\n                    <div class=\"col-9 col-xs-12 field response\" id=\"green-response-show\">\n                        <span>Thank you for messaging WEGAMBLE.<\/span>\n                        We've received your message and will respond as soon as possible.                    <\/div>\n                    <div class=\"col-9 col-xs-12 field response\" id=\"red-response-show\">\n                        <span>Thank you for messaging WEGAMBLE.<\/span><br>\n                        Oops! We hit a little snag sending your email, but we're on it!                    <\/div>\n                    <div class=\"col-9 col-xs-12 field response\" id=\"yellow-response-show\">\n                        <span>We are sorry WEGAMBLE.<\/span><br>\n                        You've already sent a message within the last 60 seconds. Please wait before sending another.                    <\/div>\n                <\/div>\n            <\/form>\n        \n<\/div>\n\n\n\n<div class=\"wp-block-column is-layout-flow wp-block-column-is-layout-flow\" style=\"flex-basis:33.33%\">\n<h2 class=\"wp-block-heading\" id=\"h-a-propos\">\u00c0 propos<\/h2>\n\n\n\n<p>Chez wegamble, nous nous engageons \u00e0 fournir \u00e0 nos lecteurs les meilleures recommandations possibles, fond\u00e9es sur la recherche, l\u2019exp\u00e9rience et le travail. Si tu as une question, une suggestion ou une demande de renseignements, envoie un message \u00e0 l\u2019aide de ce formulaire. Dans tous les cas, nous te remercions de ton soutien.<\/p>\n<\/div>\n<\/div>\n","protected":false},"excerpt":{"rendered":"<p>Contacte-nous \u00c0 propos Chez wegamble, nous nous engageons \u00e0 fournir \u00e0 nos lecteurs les meilleures recommandations possibles, fond\u00e9es sur la recherche, l\u2019exp\u00e9rience et le travail. Si tu as une question, une suggestion ou une demande&#8230;<\/p>\n","protected":false},"author":9,"featured_media":0,"parent":0,"menu_order":0,"comment_status":"closed","ping_status":"closed","template":"templates\/page-contact.php","meta":{"_acf_changed":false,"footnotes":""},"class_list":["post-6801","page","type-page","status-publish","hentry"],"acf":[],"yoast_head":"<!-- This site is optimized with the Yoast SEO Premium plugin v24.7 (Yoast SEO v24.7) - https:\/\/yoast.com\/wordpress\/plugins\/seo\/ -->\n<title>Contact - wegamble<\/title>\n<meta name=\"description\" content=\"Nous nous engageons \u00e0 fournir \u00e0 nos lecteurs les meilleures recommandations possibles fond\u00e9es sur la recherche. Tu as des questions ? Envoie-nous un message !\" \/>\n<meta name=\"robots\" content=\"index, follow, max-snippet:-1, max-image-preview:large, max-video-preview:-1\" \/>\n<link rel=\"canonical\" href=\"https:\/\/wegamble.org\/fr\/contact\/\" \/>\n<meta property=\"og:locale\" content=\"fr_FR\" \/>\n<meta property=\"og:type\" content=\"article\" \/>\n<meta property=\"og:title\" content=\"Contact\" \/>\n<meta property=\"og:description\" content=\"Nous nous engageons \u00e0 fournir \u00e0 nos lecteurs les meilleures recommandations possibles fond\u00e9es sur la recherche. Tu as des questions ? Envoie-nous un message !\" \/>\n<meta property=\"og:url\" content=\"https:\/\/wegamble.org\/fr\/contact\/\" \/>\n<meta property=\"og:site_name\" content=\"wegamble\" \/>\n<meta property=\"article:modified_time\" content=\"2025-03-18T15:04:43+00:00\" \/>\n<meta name=\"twitter:card\" content=\"summary_large_image\" \/>\n<meta name=\"twitter:label1\" content=\"Est. reading time\" \/>\n\t<meta name=\"twitter:data1\" content=\"1 minute\" \/>\n<script type=\"application\/ld+json\" class=\"yoast-schema-graph\">{\"@context\":\"https:\/\/schema.org\",\"@graph\":[{\"@type\":\"WebPage\",\"@id\":\"https:\/\/wegamble.org\/fr\/contact\/\",\"url\":\"https:\/\/wegamble.org\/fr\/contact\/\",\"name\":\"Contact - wegamble\",\"isPartOf\":{\"@id\":\"https:\/\/wegamble.org\/fr\/#website\"},\"datePublished\":\"2024-11-28T14:29:45+00:00\",\"dateModified\":\"2025-03-18T15:04:43+00:00\",\"description\":\"Nous nous engageons \u00e0 fournir \u00e0 nos lecteurs les meilleures recommandations possibles fond\u00e9es sur la recherche. Tu as des questions ? Envoie-nous un message !\",\"breadcrumb\":{\"@id\":\"https:\/\/wegamble.org\/fr\/contact\/#breadcrumb\"},\"inLanguage\":\"fr-FR\",\"potentialAction\":[{\"@type\":\"ReadAction\",\"target\":[\"https:\/\/wegamble.org\/fr\/contact\/\"]}]},{\"@type\":\"BreadcrumbList\",\"@id\":\"https:\/\/wegamble.org\/fr\/contact\/#breadcrumb\",\"itemListElement\":[{\"@type\":\"ListItem\",\"position\":1,\"name\":\"Home\",\"item\":\"https:\/\/wegamble.org\/fr\/\"},{\"@type\":\"ListItem\",\"position\":2,\"name\":\"Contact\"}]},{\"@type\":\"WebSite\",\"@id\":\"https:\/\/wegamble.org\/fr\/#website\",\"url\":\"https:\/\/wegamble.org\/fr\/\",\"name\":\"wegamble\",\"description\":\"\",\"potentialAction\":[{\"@type\":\"SearchAction\",\"target\":{\"@type\":\"EntryPoint\",\"urlTemplate\":\"https:\/\/wegamble.org\/fr\/?s={search_term_string}\"},\"query-input\":{\"@type\":\"PropertyValueSpecification\",\"valueRequired\":true,\"valueName\":\"search_term_string\"}}],\"inLanguage\":\"fr-FR\"}]}<\/script>\n<!-- \/ Yoast SEO Premium plugin. -->","yoast_head_json":{"title":"Contact - wegamble","description":"Nous nous engageons \u00e0 fournir \u00e0 nos lecteurs les meilleures recommandations possibles fond\u00e9es sur la recherche. Tu as des questions ? Envoie-nous un message !","robots":{"index":"index","follow":"follow","max-snippet":"max-snippet:-1","max-image-preview":"max-image-preview:large","max-video-preview":"max-video-preview:-1"},"canonical":"https:\/\/wegamble.org\/fr\/contact\/","og_locale":"fr_FR","og_type":"article","og_title":"Contact","og_description":"Nous nous engageons \u00e0 fournir \u00e0 nos lecteurs les meilleures recommandations possibles fond\u00e9es sur la recherche. Tu as des questions ? Envoie-nous un message !","og_url":"https:\/\/wegamble.org\/fr\/contact\/","og_site_name":"wegamble","article_modified_time":"2025-03-18T15:04:43+00:00","twitter_card":"summary_large_image","twitter_misc":{"Est. reading time":"1 minute"},"schema":{"@context":"https:\/\/schema.org","@graph":[{"@type":"WebPage","@id":"https:\/\/wegamble.org\/fr\/contact\/","url":"https:\/\/wegamble.org\/fr\/contact\/","name":"Contact - wegamble","isPartOf":{"@id":"https:\/\/wegamble.org\/fr\/#website"},"datePublished":"2024-11-28T14:29:45+00:00","dateModified":"2025-03-18T15:04:43+00:00","description":"Nous nous engageons \u00e0 fournir \u00e0 nos lecteurs les meilleures recommandations possibles fond\u00e9es sur la recherche. Tu as des questions ? Envoie-nous un message !","breadcrumb":{"@id":"https:\/\/wegamble.org\/fr\/contact\/#breadcrumb"},"inLanguage":"fr-FR","potentialAction":[{"@type":"ReadAction","target":["https:\/\/wegamble.org\/fr\/contact\/"]}]},{"@type":"BreadcrumbList","@id":"https:\/\/wegamble.org\/fr\/contact\/#breadcrumb","itemListElement":[{"@type":"ListItem","position":1,"name":"Home","item":"https:\/\/wegamble.org\/fr\/"},{"@type":"ListItem","position":2,"name":"Contact"}]},{"@type":"WebSite","@id":"https:\/\/wegamble.org\/fr\/#website","url":"https:\/\/wegamble.org\/fr\/","name":"wegamble","description":"","potentialAction":[{"@type":"SearchAction","target":{"@type":"EntryPoint","urlTemplate":"https:\/\/wegamble.org\/fr\/?s={search_term_string}"},"query-input":{"@type":"PropertyValueSpecification","valueRequired":true,"valueName":"search_term_string"}}],"inLanguage":"fr-FR"}]}},"_links":{"self":[{"href":"https:\/\/wegamble.org\/fr\/wp-json\/wp\/v2\/pages\/6801","targetHints":{"allow":["GET"]}}],"collection":[{"href":"https:\/\/wegamble.org\/fr\/wp-json\/wp\/v2\/pages"}],"about":[{"href":"https:\/\/wegamble.org\/fr\/wp-json\/wp\/v2\/types\/page"}],"author":[{"embeddable":true,"href":"https:\/\/wegamble.org\/fr\/wp-json\/wp\/v2\/users\/9"}],"replies":[{"embeddable":true,"href":"https:\/\/wegamble.org\/fr\/wp-json\/wp\/v2\/comments?post=6801"}],"version-history":[{"count":2,"href":"https:\/\/wegamble.org\/fr\/wp-json\/wp\/v2\/pages\/6801\/revisions"}],"predecessor-version":[{"id":6804,"href":"https:\/\/wegamble.org\/fr\/wp-json\/wp\/v2\/pages\/6801\/revisions\/6804"}],"wp:attachment":[{"href":"https:\/\/wegamble.org\/fr\/wp-json\/wp\/v2\/media?parent=6801"}],"curies":[{"name":"wp","href":"https:\/\/api.w.org\/{rel}","templated":true}]}}